{"id":2380,"date":"2021-06-11T07:33:12","date_gmt":"2021-06-11T07:33:12","guid":{"rendered":"https:\/\/promo-theme.com\/novo\/?page_id=2380"},"modified":"2025-11-10T19:57:08","modified_gmt":"2025-11-10T19:57:08","slug":"contacts-elementor","status":"publish","type":"page","link":"https:\/\/kakkatar.com\/index.php\/contacts-elementor\/","title":{"rendered":"Contacts"},"content":{"rendered":"\t\t<div data-elementor-type=\"wp-page\" data-elementor-id=\"2380\" class=\"elementor elementor-2380\">\n\t\t\t\t\t\t<section class=\"elementor-section elementor-top-section elementor-element elementor-element-cc3bfe4 elementor-section-boxed elementor-section-height-default elementor-section-height-default\" data-id=\"cc3bfe4\" data-element_type=\"section\">\n\t\t\t\t\t\t<div class=\"elementor-container elementor-column-gap-default\">\n\t\t\t\t\t<div class=\"elementor-column elementor-col-100 elementor-top-column elementor-element elementor-element-c52541e\" data-id=\"c52541e\" data-element_type=\"column\">\n\t\t\t<div class=\"elementor-widget-wrap elementor-element-populated\">\n\t\t\t\t\t\t<div class=\"elementor-element elementor-element-66b9e6f elementor-widget elementor-widget-image\" data-id=\"66b9e6f\" data-element_type=\"widget\" data-widget_type=\"image.default\">\n\t\t\t\t<div class=\"elementor-widget-container\">\n\t\t\t\t\t\t\t\t\t\t\t\t\t\t\t<img fetchpriority=\"high\" decoding=\"async\" width=\"683\" height=\"1024\" src=\"https:\/\/kakkatar.com\/wp-content\/uploads\/2025\/05\/IMG_2295-683x1024.jpg\" class=\"attachment-large size-large wp-image-3602\" alt=\"\" srcset=\"https:\/\/kakkatar.com\/wp-content\/uploads\/2025\/05\/IMG_2295-683x1024.jpg 683w, https:\/\/kakkatar.com\/wp-content\/uploads\/2025\/05\/IMG_2295-200x300.jpg 200w, https:\/\/kakkatar.com\/wp-content\/uploads\/2025\/05\/IMG_2295-768x1152.jpg 768w, https:\/\/kakkatar.com\/wp-content\/uploads\/2025\/05\/IMG_2295-1024x1536.jpg 1024w, https:\/\/kakkatar.com\/wp-content\/uploads\/2025\/05\/IMG_2295-1365x2048.jpg 1365w, https:\/\/kakkatar.com\/wp-content\/uploads\/2025\/05\/IMG_2295-47x70.jpg 47w, https:\/\/kakkatar.com\/wp-content\/uploads\/2025\/05\/IMG_2295-600x900.jpg 600w\" sizes=\"(max-width: 683px) 100vw, 683px\" \/>\t\t\t\t\t\t\t\t\t\t\t\t\t\t\t<\/div>\n\t\t\t\t<\/div>\n\t\t\t\t<div class=\"elementor-element elementor-element-49a0f08 elementor-widget elementor-widget-yprm_heading\" data-id=\"49a0f08\" data-element_type=\"widget\" data-widget_type=\"yprm_heading.default\">\n\t\t\t\t<div class=\"elementor-widget-container\">\n\t\t\t\t\t\t\t\t<div class=\"heading-block tac\">\n\t\t\t\t                  <h2 class=\"h\">Contacts<\/h2>\n        \t\t\t<\/div>\n      \t\t\t\t\t\t<\/div>\n\t\t\t\t<\/div>\n\t\t\t\t<div class=\"elementor-element elementor-element-8bd4100 elementor-widget elementor-widget-yprm_icon_box\" data-id=\"8bd4100\" data-element_type=\"widget\" data-settings=\"{&quot;cols_xs&quot;:1,&quot;cols_md&quot;:3}\" data-widget_type=\"yprm_icon_box.default\">\n\t\t\t\t<div class=\"elementor-widget-container\">\n\t\t\t\t\t\t\t\t<div class=\"icon-box-block icon-box-style3\">\r\n\t\t\t\t<div class=\"row\">\r\n\t\t\t\t\t\t\t\t<div class=\"col-12 col-md-4\">\r\n\t\t\t\t<div class=\"icon-box\">\r\n\t\t\t\t\t\t\t\t<div class=\"icon\">\r\n\t\t\t\t<i class=\"multimedia-icon multimedia-icon-smartphone multimedia\" aria-hidden=\"true\"><\/i>\t\t\t<\/div>\r\n\t\t                      \t\t\t<h5 class=\"title\">Phone<\/h5>\r\n\t\t            \t\t\t<div class=\"desc\">+ (221) 78-272-80-80<\/div>\r\n\t\t                    \t\t\t\t<\/div>\r\n\t\t\t<\/div>\r\n\t\t\t\t\t<div class=\"col-12 col-md-4\">\r\n\t\t\t\t<div class=\"icon-box\">\r\n\t\t\t\t\t\t\t\t<div class=\"icon\">\r\n\t\t\t\t<i class=\"multimedia-icon multimedia-icon-envelope multimedia\" aria-hidden=\"true true\"><\/i>\t\t\t<\/div>\r\n\t\t                      \t\t\t<h5 class=\"title\">Email<\/h5>\r\n\t\t            \t\t\t<div class=\"desc\">contact@kakkatar.com<\/div>\r\n\t\t                    \t\t\t\t<\/div>\r\n\t\t\t<\/div>\r\n\t\t\t\t\t<div class=\"col-12 col-md-4\">\r\n\t\t\t\t<div class=\"icon-box\">\r\n\t\t\t\t\t\t\t\t<div class=\"icon\">\r\n\t\t\t\t<i class=\"multimedia-icon multimedia-icon-placeholder multimedia\" aria-hidden=\"true true true\"><\/i>\t\t\t<\/div>\r\n\t\t                      \t\t\t<h5 class=\"title\">Adresse<\/h5>\r\n\t\t            \t\t\t<div class=\"desc\">SICAP Jet d'Eau N\u2070 46 Escalier C1 1er Etage<br \/>\nDakar, S\u00e9n\u00e9gal<\/div>\r\n\t\t                    \t\t\t\t<\/div>\r\n\t\t\t<\/div>\r\n\t\t\t\t\t\t<\/div>\r\n\t\t\t<\/div>\r\n\t\t\t\t\t\t<\/div>\n\t\t\t\t<\/div>\n\t\t\t\t<div class=\"elementor-element elementor-element-3f68353 elementor-widget elementor-widget-text-editor\" data-id=\"3f68353\" data-element_type=\"widget\" data-widget_type=\"text-editor.default\">\n\t\t\t\t<div class=\"elementor-widget-container\">\n\t\t\t\t\t\t\t\t\t<p style=\"text-align: center;\"><em>Une photo c&#8217;est un instant fig\u00e9 qui nous rem\u00e9more tous les tr\u00e9sors de la vie engrang\u00e9s au fil du temps qui passe et qui nous rappelle que les souvenirs sont \u00e9ph\u00e9m\u00e8res.<\/em><\/p><p><strong><em>Monique Coelho<\/em><\/strong><br \/><br \/><\/p>\t\t\t\t\t\t\t\t<\/div>\n\t\t\t\t<\/div>\n\t\t\t\t<div class=\"elementor-element elementor-element-029dba3 elementor-widget elementor-widget-yprm_heading\" data-id=\"029dba3\" data-element_type=\"widget\" data-widget_type=\"yprm_heading.default\">\n\t\t\t\t<div class=\"elementor-widget-container\">\n\t\t\t\t\t\t\t\t<div class=\"heading-block tac\">\n\t\t\t\t                  <h3 class=\"h\">Nous Ecrire<\/h3>\n        \t\t\t<\/div>\n              <div class=\"heading-content\">Laissez nous un message. Nous nous ferons un plaisir de vous revenir le plus rapidement possible<\/div>\n      \t\t\t\t\t\t<\/div>\n\t\t\t\t<\/div>\n\t\t\t\t<div class=\"elementor-element elementor-element-07a0fc5 elementor-widget elementor-widget-shortcode\" data-id=\"07a0fc5\" data-element_type=\"widget\" data-widget_type=\"shortcode.default\">\n\t\t\t\t<div class=\"elementor-widget-container\">\n\t\t\t\t\t\t\t<div class=\"elementor-shortcode\">\n<div class=\"wpcf7 no-js\" id=\"wpcf7-f760-o1\" lang=\"en-US\" dir=\"ltr\" data-wpcf7-id=\"760\">\n<div class=\"screen-reader-response\"><p role=\"status\" aria-live=\"polite\" aria-atomic=\"true\"><\/p> <ul><\/ul><\/div>\n<form action=\"\/index.php\/wp-json\/wp\/v2\/pages\/2380#wpcf7-f760-o1\" method=\"post\" class=\"wpcf7-form init\" aria-label=\"Contact form\" novalidate=\"novalidate\" data-status=\"init\">\n<div style=\"display: none;\">\n<input type=\"hidden\" name=\"_wpcf7\" value=\"760\" \/>\n<input type=\"hidden\" name=\"_wpcf7_version\" value=\"6.0.5\" \/>\n<input type=\"hidden\" name=\"_wpcf7_locale\" value=\"en_US\" \/>\n<input type=\"hidden\" name=\"_wpcf7_unit_tag\" value=\"wpcf7-f760-o1\" \/>\n<input type=\"hidden\" name=\"_wpcf7_container_post\" value=\"0\" \/>\n<input type=\"hidden\" name=\"_wpcf7_posted_data_hash\" value=\"\" \/>\n<\/div>\n<div class=\"tac\" style=\"max-width: 350px; margin: 0 auto;\">\n<span class=\"wpcf7-form-control-wrap\" data-name=\"name-p\"><input size=\"40\" maxlength=\"400\" class=\"wpcf7-form-control wpcf7-text wpcf7-validates-as-required style3\" aria-required=\"true\" aria-invalid=\"false\" placeholder=\"Votre Nom\" value=\"\" type=\"text\" name=\"name-p\" \/><\/span>\n<span class=\"wpcf7-form-control-wrap\" data-name=\"mail\"><input size=\"40\" maxlength=\"400\" class=\"wpcf7-form-control wpcf7-text wpcf7-validates-as-required style3\" aria-required=\"true\" aria-invalid=\"false\" placeholder=\"Votre e-mail\" value=\"\" type=\"text\" name=\"mail\" \/><\/span>\n<span class=\"wpcf7-form-control-wrap\" data-name=\"text\"><textarea cols=\"40\" rows=\"4\" maxlength=\"2000\" class=\"wpcf7-form-control wpcf7-textarea wpcf7-validates-as-required style3\" aria-required=\"true\" aria-invalid=\"false\" placeholder=\"Laissez nous votre message\" name=\"text\"><\/textarea><\/span>\n<input class=\"wpcf7-form-control wpcf7-submit has-spinner button-style1\" type=\"submit\" value=\"Envoyez\" \/>\n<\/div><div class=\"wpcf7-response-output\" aria-hidden=\"true\"><\/div>\n<\/form>\n<\/div>\n<\/div>\n\t\t\t\t\t\t<\/div>\n\t\t\t\t<\/div>\n\t\t\t\t\t<\/div>\n\t\t<\/div>\n\t\t\t\t\t<\/div>\n\t\t<\/section>\n\t\t\t\t<section class=\"elementor-section elementor-top-section elementor-element elementor-element-19eba30 elementor-section-boxed elementor-section-height-default elementor-section-height-default\" data-id=\"19eba30\" data-element_type=\"section\">\n\t\t\t\t\t\t<div class=\"elementor-container elementor-column-gap-default\">\n\t\t\t\t\t<div class=\"elementor-column elementor-col-100 elementor-top-column elementor-element elementor-element-0cdd66e\" data-id=\"0cdd66e\" data-element_type=\"column\">\n\t\t\t<div class=\"elementor-widget-wrap elementor-element-populated\">\n\t\t\t\t\t\t<div class=\"elementor-element elementor-element-7cee7ed elementor-widget elementor-widget-yprm_google_map\" data-id=\"7cee7ed\" data-element_type=\"widget\" data-widget_type=\"yprm_google_map.default\">\n\t\t\t\t<div class=\"elementor-widget-container\">\n\t\t\t\t\t\t\t<section class=\"map\">\n\t\t\t<div id=\"google-map-7cee7ed\" class=\"google-map\" data-google-map-style=\"[{&quot;featureType&quot;:&quot;all&quot;,&quot;elementType&quot;:&quot;labels.text.fill&quot;,&quot;stylers&quot;:[{&quot;saturation&quot;:36},{&quot;color&quot;:&quot;#000000&quot;},{&quot;lightness&quot;:40}]},{&quot;featureType&quot;:&quot;all&quot;,&quot;elementType&quot;:&quot;labels.text.stroke&quot;,&quot;stylers&quot;:[{&quot;visibility&quot;:&quot;on&quot;},{&quot;color&quot;:&quot;#000000&quot;},{&quot;lightness&quot;:16}]},{&quot;featureType&quot;:&quot;all&quot;,&quot;elementType&quot;:&quot;labels.icon&quot;,&quot;stylers&quot;:[{&quot;visibility&quot;:&quot;off&quot;}]},{&quot;featureType&quot;:&quot;administrative&quot;,&quot;elementType&quot;:&quot;geometry.fill&quot;,&quot;stylers&quot;:[{&quot;color&quot;:&quot;#000000&quot;},{&quot;lightness&quot;:20}]},{&quot;featureType&quot;:&quot;administrative&quot;,&quot;elementType&quot;:&quot;geometry.stroke&quot;,&quot;stylers&quot;:[{&quot;color&quot;:&quot;#000000&quot;},{&quot;lightness&quot;:17},{&quot;weight&quot;:1.2}]},{&quot;featureType&quot;:&quot;landscape&quot;,&quot;elementType&quot;:&quot;geometry&quot;,&quot;stylers&quot;:[{&quot;color&quot;:&quot;#000000&quot;},{&quot;lightness&quot;:20}]},{&quot;featureType&quot;:&quot;poi&quot;,&quot;elementType&quot;:&quot;geometry&quot;,&quot;stylers&quot;:[{&quot;color&quot;:&quot;#000000&quot;},{&quot;lightness&quot;:21}]},{&quot;featureType&quot;:&quot;road.highway&quot;,&quot;elementType&quot;:&quot;geometry.fill&quot;,&quot;stylers&quot;:[{&quot;color&quot;:&quot;#000000&quot;},{&quot;lightness&quot;:17}]},{&quot;featureType&quot;:&quot;road.highway&quot;,&quot;elementType&quot;:&quot;geometry.stroke&quot;,&quot;stylers&quot;:[{&quot;color&quot;:&quot;#000000&quot;},{&quot;lightness&quot;:29},{&quot;weight&quot;:0.2}]},{&quot;featureType&quot;:&quot;road.arterial&quot;,&quot;elementType&quot;:&quot;geometry&quot;,&quot;stylers&quot;:[{&quot;color&quot;:&quot;#000000&quot;},{&quot;lightness&quot;:18}]},{&quot;featureType&quot;:&quot;road.local&quot;,&quot;elementType&quot;:&quot;geometry&quot;,&quot;stylers&quot;:[{&quot;color&quot;:&quot;#000000&quot;},{&quot;lightness&quot;:16}]},{&quot;featureType&quot;:&quot;transit&quot;,&quot;elementType&quot;:&quot;geometry&quot;,&quot;stylers&quot;:[{&quot;color&quot;:&quot;#000000&quot;},{&quot;lightness&quot;:19}]},{&quot;featureType&quot;:&quot;water&quot;,&quot;elementType&quot;:&quot;geometry&quot;,&quot;stylers&quot;:[{&quot;color&quot;:&quot;#000000&quot;},{&quot;lightness&quot;:17}]}]\" data-google-map-type=\"roadmap\" data-google-map-lat=\"51.5237817\" data-google-map-lng=\"-0.15843700000005\" data-google-map-zoom=\"15\" data-google-locations='{\"lat\":\"51.5237817\",\"lng\":\"-0.15843700000005\"}'><\/div>\n\t\t<\/section>\n\t\t\t\t\t<\/div>\n\t\t\t\t<\/div>\n\t\t\t\t\t<\/div>\n\t\t<\/div>\n\t\t\t\t\t<\/div>\n\t\t<\/section>\n\t\t\t\t<\/div>\n\t\t","protected":false},"excerpt":{"rendered":"<p>Contacts Phone + (221) 78-272-80-80 Email contact@kakkatar.com Adresse SICAP Jet d&#8217;Eau N\u2070 46 Escalier C1 1er Etage Dakar, S\u00e9n\u00e9gal Une photo c&#8217;est un instant fig\u00e9 qui nous rem\u00e9more tous les tr\u00e9sors de la vie engrang\u00e9s au fil du temps qui passe et qui nous rappelle que les souvenirs sont \u00e9ph\u00e9m\u00e8res. Monique Coelho Nous Ecrire Laissez [&hellip;]<\/p>\n","protected":false},"author":1,"featured_media":0,"parent":0,"menu_order":0,"comment_status":"closed","ping_status":"closed","template":"template-landing.php","meta":{"_acf_changed":false,"_uag_custom_page_level_css":"","footnotes":""},"class_list":["post-2380","page","type-page","status-publish","hentry"],"acf":[],"uagb_featured_image_src":{"full":false,"thumbnail":false,"medium":false,"medium_large":false,"large":false,"1536x1536":false,"2048x2048":false,"yprm-lazyloading-placeholder":false,"woocommerce_thumbnail":false,"woocommerce_single":false,"woocommerce_gallery_thumbnail":false},"uagb_author_info":{"display_name":"Adminkktr","author_link":"https:\/\/kakkatar.com\/index.php\/author\/adminkktr\/"},"uagb_comment_info":0,"uagb_excerpt":"Contacts Phone + (221) 78-272-80-80 Email contact@kakkatar.com Adresse SICAP Jet d&#8217;Eau N\u2070 46 Escalier C1 1er Etage Dakar, S\u00e9n\u00e9gal Une photo c&#8217;est un instant fig\u00e9 qui nous rem\u00e9more tous les tr\u00e9sors de la vie engrang\u00e9s au fil du temps qui passe et qui nous rappelle que les souvenirs sont \u00e9ph\u00e9m\u00e8res. Monique Coelho Nous Ecrire Laissez&hellip;","_links":{"self":[{"href":"https:\/\/kakkatar.com\/index.php\/wp-json\/wp\/v2\/pages\/2380","targetHints":{"allow":["GET"]}}],"collection":[{"href":"https:\/\/kakkatar.com\/index.php\/wp-json\/wp\/v2\/pages"}],"about":[{"href":"https:\/\/kakkatar.com\/index.php\/wp-json\/wp\/v2\/types\/page"}],"author":[{"embeddable":true,"href":"https:\/\/kakkatar.com\/index.php\/wp-json\/wp\/v2\/users\/1"}],"replies":[{"embeddable":true,"href":"https:\/\/kakkatar.com\/index.php\/wp-json\/wp\/v2\/comments?post=2380"}],"version-history":[{"count":8,"href":"https:\/\/kakkatar.com\/index.php\/wp-json\/wp\/v2\/pages\/2380\/revisions"}],"predecessor-version":[{"id":3724,"href":"https:\/\/kakkatar.com\/index.php\/wp-json\/wp\/v2\/pages\/2380\/revisions\/3724"}],"wp:attachment":[{"href":"https:\/\/kakkatar.com\/index.php\/wp-json\/wp\/v2\/media?parent=2380"}],"curies":[{"name":"wp","href":"https:\/\/api.w.org\/{rel}","templated":true}]}}