{"id":1808,"date":"2021-06-07T07:18:10","date_gmt":"2021-06-07T07:18:10","guid":{"rendered":"https:\/\/promo-theme.com\/novo\/?page_id=1808"},"modified":"2025-06-18T19:46:11","modified_gmt":"2025-06-18T19:46:11","slug":"one-page-elementor","status":"publish","type":"page","link":"https:\/\/kakkatar.com\/","title":{"rendered":"One Page"},"content":{"rendered":"\t\t<div data-elementor-type=\"wp-page\" data-elementor-id=\"1808\" class=\"elementor elementor-1808\">\n\t\t\t\t\t\t<section class=\"elementor-section elementor-top-section elementor-element elementor-element-18b6e7c elementor-section-full_width elementor-section-height-default elementor-section-height-default\" data-id=\"18b6e7c\" data-element_type=\"section\">\n\t\t\t\t\t\t<div class=\"elementor-container elementor-column-gap-no\">\n\t\t\t\t\t<div class=\"elementor-column elementor-col-100 elementor-top-column elementor-element elementor-element-5d0fecf\" data-id=\"5d0fecf\" data-element_type=\"column\">\n\t\t\t<div class=\"elementor-widget-wrap elementor-element-populated\">\n\t\t\t\t\t\t<div class=\"elementor-element elementor-element-1142ba8 elementor-widget elementor-widget-yprm_banner\" data-id=\"1142ba8\" data-element_type=\"widget\" data-widget_type=\"yprm_banner.default\">\n\t\t\t\t<div class=\"elementor-widget-container\">\n\t\t\t\t\t\t\t\t<div class=\"banner-wrapper banner-area banner-69e0ce042bfbc external-indent\" style=\"--transition-speed: 2300ms;\" data-settings=\"{&quot;loop&quot;:true,&quot;speed&quot;:300,&quot;autoplay&quot;:{&quot;delay&quot;:3000,&quot;disableOnInteraction&quot;:false,&quot;pauseOnMouseEnter&quot;:true},&quot;arrows&quot;:true,&quot;dots&quot;:true,&quot;dots_position&quot;:&quot;right-bottom&quot;,&quot;animation&quot;:&quot;&quot;}\">\r\n\t\t\t\t\t\t<div class=\"banner-social-buttons\">\r\n\t\t\t<div class=\"links\">\r\n\t\t\t\t      <a class=\"item\" href=\"https:\/\/www.facebook.com\/kakkatar.communication\/\" target=\"_blank\">\r\n        <i class=\"fab fa-facebook\"><\/i>        <span>facebook<\/span>\r\n      <\/a>\r\n          <a class=\"item\" href=\"https:\/\/www.youtube.com\/@kakkatarcommunication5071\" target=\"_blank\">\r\n        <i class=\"fab fa-youtube\"><\/i>        <span>youtube<\/span>\r\n      <\/a>\r\n          <a class=\"item\" href=\"https:\/\/www.instagram.com\/kakkatar_communication\/\" target=\"_blank\">\r\n        <i class=\"fab fa-instagram\"><\/i>        <span>instagram<\/span>\r\n      <\/a>\r\n          <a class=\"item\" href=\"https:\/\/www.linkedin.com\/in\/k%C3%A0kkatar-com-5a2bb3303\/\" target=\"_blank\">\r\n        <i class=\"fab fa-linkedin\"><\/i>        <span>linkedin<\/span>\r\n      <\/a>\r\n    \t\t\t<\/div>\r\n\t\t<\/div>\r\n\t\t\t\t\t\t\t\t\t<div class=\"banner-categories vertical-align-bottom text-align-left\">\r\n\t\t\t\t      <div class=\"item\">\r\n        <a href=\"#\"  target=\"_blank\"  rel=\"nofollow\" style=\"background-image: url(https:\/\/kakkatar.com\/wp-content\/uploads\/2025\/05\/IMG_2427.jpg);\">\r\n          <span>\r\n            <span class=\"num\"><\/span>\r\n            <span class=\"h\">Portraits<\/span>\r\n          <\/span>\r\n        <\/a>\r\n      <\/div>\r\n          <div class=\"item\">\r\n        <a href=\"#\"  target=\"_blank\"  rel=\"nofollow\" style=\"background-image: url(https:\/\/kakkatar.com\/wp-content\/uploads\/2025\/05\/IMG_2295.jpg);\">\r\n          <span>\r\n            <span class=\"num\"><\/span>\r\n            <span class=\"h\">Fashion<\/span>\r\n          <\/span>\r\n        <\/a>\r\n      <\/div>\r\n          <div class=\"item\">\r\n        <a href=\"#\"  target=\"_blank\"  rel=\"nofollow\" style=\"background-image: url(https:\/\/kakkatar.com\/wp-content\/uploads\/2025\/05\/IMG_2318.jpg);\">\r\n          <span>\r\n            <span class=\"num\"><\/span>\r\n            <span class=\"h\">Studio<\/span>\r\n          <\/span>\r\n        <\/a>\r\n      <\/div>\r\n          <div class=\"item\">\r\n        <a href=\"#\"  target=\"_blank\"  rel=\"nofollow\" style=\"background-image: url(https:\/\/kakkatar.com\/wp-content\/uploads\/2025\/05\/IMG_0241.jpeg);\">\r\n          <span>\r\n            <span class=\"num\"><\/span>\r\n            <span class=\"h\">Cuisine<\/span>\r\n          <\/span>\r\n        <\/a>\r\n      <\/div>\r\n          <div class=\"item\">\r\n        <a href=\"#\"  target=\"_blank\"  rel=\"nofollow\" style=\"background-image: url(https:\/\/kakkatar.com\/wp-content\/uploads\/2025\/04\/IKT_0628.jpg);\">\r\n          <span>\r\n            <span class=\"num\"><\/span>\r\n            <span class=\"h\">Packshot<\/span>\r\n          <\/span>\r\n        <\/a>\r\n      <\/div>\r\n    \t\t\t<\/div>\r\n\t\t\t\t\t\t\t\t\t<div class=\"banner-about content\">\r\n\t\t\t\t<div class=\"row\">\r\n\t\t\t\t\t\t\t\t\t\t\t\t<div class=\"image col-12 col-md-6\" style=\"background-image: url(https:\/\/kakkatar.com\/wp-content\/uploads\/2025\/01\/KAKKATAR-COM-PP.webp);\"><\/div>\r\n        <div class=\"text col-12 col-md-6\">\r\n\t\t\t\t\t\t\t<div class=\"wrap\">\r\n\t\t\t\t\t<div class=\"cell\">\r\n\t\t\t\t\t\t\t\t\t\t\t\t\t<div class=\"image\" style=\"background-image: url(https:\/\/kakkatar.com\/wp-content\/uploads\/2025\/01\/KAKKATAR-COM-PP.webp);\"><\/div>\r\n\t\t\t\t\t\t\t\t\t\t\t\t\t\t\t<div class=\"sub-h\">Pourquoi \u00ab K\u00e0kkatar \u00bb ?<\/div>\r\n\t\t\t\t\t\t\t\t\t\t\t<div class=\"heading-decor\"><h3>K\u00e0kkatar Communication est une agence de communication sp\u00e9cialis\u00e9e dans l\u2019image, la vid\u00e9o et le graphisme.<\/h3><\/div>\r\n\t\t\t\t\t\t\t\t\t\t\t<div class=\"text-p\"><br \/>\nNous proposons des prestations sur mesure pour les particuliers et les entreprises qui souhaitent am\u00e9liorer leur image.<br \/>\nConseiller en communication, nous vous proposons une vision cr\u00e9ative et singuli\u00e8re visant \u00e0 valoriser votre image ou celle de votre business.<br \/>\n<\/div>\r\n\t\t\t\t\t\t\t\t      <a href=\"#\" class=\"button-style2\"  target=\"_blank\"  rel=\"nofollow\">\r\n        Read More      <\/a>\r\n    \t\t\t\t\t<\/div>\r\n\t\t\t\t<\/div>\r\n\t\t\t\t\t\t\t<div class=\"bg-word\">\r\n\t\t\t\t\t\t\t\t\tAbout\t\t\t\t\t\t\t<\/div>\r\n\t\t\t\t\t<\/div>\r\n\t\t\t\t\t\t<\/div>\r\n\t\t\t<\/div>\r\n\t\t\t\t\t\t\t\t\t<div class=\"banner-right-buttons widget-elementor\">\r\n\t\t\t\t<div class=\"cell\">\r\n\t\t\t\t\t            <div class=\"button category\">\r\n              <span class=\"h\">Categories<\/span>\r\n              <span class=\"close\">\r\n                <i class=\"basic-ui-icon-cancel\"><\/i>\r\n                                  Fermer                \t\t\t\t\t\t\t<\/span>\r\n\t\t\t\t\t\t<\/div>\r\n\t\t\t\t\t\r\n\t\t\t\t\t              <div class=\"button about\">\r\n                <span class=\"h\">About<\/span>\r\n                <span class=\"close\"><i class=\"basic-ui-icon-cancel\"><\/i>\r\n                                      Fermer                  \t\t\t\t\t\t\t\t<\/span>\r\n\t\t\t\t\t\t\t<\/div>\r\n\t\t\t\t\t\t          \t\t\t\t<\/div>\r\n\t\t\t<\/div>\r\n\t\t\r\n\t\t\t\t<div class=\"banner banner-items banner-69e0ce042bfc2 arrows-right-bottom pagination-right-bottom\" id=\"banner-69e0ce042bfc3\">\r\n          <div class=\"swiper\">\r\n            <div class=\"swiper-wrapper\">\r\n                    <div class=\"item swiper-slide item-banner banner-item-69e0ce042e4d2 elementor-repeater-item-0ae4c9d tal inherit\">\r\n        <div class=\"bg-image\" style=\"background-image: url(https:\/\/kakkatar.com\/wp-content\/uploads\/2025\/05\/slide-1-1.png)\"><\/div>\r\n                  \n    <div class=\"bg-overlay\">\n          <\/div>\n\n                            <div class=\"container\">\r\n          <div class=\"cell bottom\">\r\n\t\t\t\t\t\t\t\t\t\t\t\t\t<div class=\"heading heading-with-num-type2\">\r\n\t\t\t\t\t\t\t\t<div class=\"top\">\r\n\t\t\t\t\t\t\t\t\t<div class=\"num\"><\/div>\r\n\t\t\t\t\t\t\t\t\t\t\t\t\t\t\t\t\t\t\t<div class=\"sub-h\">Portraits<\/div>\r\n\t\t\t\t\t\t\t\t\t\t\t\t\t\t\t\t\t<\/div>\r\n\t\t\t\t\t\t\t\t<h2 class=\"h\">\r\n\t\t\t\t\t\t\t\t\tNous sommes les <br \/>\nartisans de vos souvenirs\t\t\t\t\t\t\t\t<\/h2>\r\n\t\t\t\t\t\t\t<\/div>\r\n\t\t\t\t\t\t\t\t\t\t\t\t\t\t\t\t\t    \t\t\t\t\t\t    <a href=\"#\" class=\"button-style2\">\r\n\t\t\t\t\t\t    \t\t\t\t\t\t\t\t    <span>read more<\/span>\r\n\t\t\t\t\t\t\t<\/a>\r\n\t\t\t\t\t\t\t\t\t\t\t\t\t\t\t\t\t<\/div>\r\n\t\t\t\t<\/div>\r\n\t\t\t<\/div>\r\n\t\t      <div class=\"item swiper-slide item-banner banner-item-69e0ce042ea0c elementor-repeater-item-655cc59 tal inherit\">\r\n        <div class=\"bg-image\" style=\"background-image: url(https:\/\/kakkatar.com\/wp-content\/uploads\/2025\/05\/slide-3-1.png)\"><\/div>\r\n                  \n    <div class=\"bg-overlay\">\n          <\/div>\n\n                            <div class=\"container\">\r\n          <div class=\"cell bottom\">\r\n\t\t\t\t\t\t\t\t\t\t\t\t\t<div class=\"heading heading-with-num-type2\">\r\n\t\t\t\t\t\t\t\t<div class=\"top\">\r\n\t\t\t\t\t\t\t\t\t<div class=\"num\"><\/div>\r\n\t\t\t\t\t\t\t\t\t\t\t\t\t\t\t\t\t\t\t<div class=\"sub-h\">Portraits<\/div>\r\n\t\t\t\t\t\t\t\t\t\t\t\t\t\t\t\t\t<\/div>\r\n\t\t\t\t\t\t\t\t<h2 class=\"h\">\r\n\t\t\t\t\t\t\t\t\tAmplifier vos \u00e9motions \u00e0 travers la photo\t\t\t\t\t\t\t\t<\/h2>\r\n\t\t\t\t\t\t\t<\/div>\r\n\t\t\t\t\t\t\t\t\t\t\t\t\t\t\t\t\t\t\t<div class=\"text\">Amplifier vos \u00e9motions \u00e0 travers la photo<\/div>\r\n\t\t\t\t\t    \t\t\t\t\t    \t\t\t\t\t\t    <a href=\"#\" class=\"button-style2\">\r\n\t\t\t\t\t\t    \t\t\t\t\t\t\t\t    <span>read more<\/span>\r\n\t\t\t\t\t\t\t<\/a>\r\n\t\t\t\t\t\t\t\t\t\t\t\t\t\t\t\t\t<\/div>\r\n\t\t\t\t<\/div>\r\n\t\t\t<\/div>\r\n\t\t      <div class=\"item swiper-slide item-banner banner-item-69e0ce042ef08 elementor-repeater-item-abc0999 tal inherit\">\r\n        <div class=\"bg-image\" style=\"background-image: url(https:\/\/kakkatar.com\/wp-content\/uploads\/2025\/05\/slide-4-1.png)\"><\/div>\r\n                  \n    <div class=\"bg-overlay\">\n          <\/div>\n\n                            <div class=\"container\">\r\n          <div class=\"cell bottom\">\r\n\t\t\t\t\t\t\t\t\t\t\t\t\t<div class=\"heading heading-with-num-type2\">\r\n\t\t\t\t\t\t\t\t<div class=\"top\">\r\n\t\t\t\t\t\t\t\t\t<div class=\"num\"><\/div>\r\n\t\t\t\t\t\t\t\t\t\t\t\t\t\t\t\t\t<\/div>\r\n\t\t\t\t\t\t\t\t<h2 class=\"h\">\r\n\t\t\t\t\t\t\t\t\tAucune beaut\u00e9 ne brille plus <br \/>\nque celle d\u2019un bon c\u0153ur.\t\t\t\t\t\t\t\t<\/h2>\r\n\t\t\t\t\t\t\t<\/div>\r\n\t\t\t\t\t\t\t\t\t\t\t\t\t\t\t\t\t    \t\t\t\t\t\t    <a href=\"#\" class=\"button-style2\">\r\n\t\t\t\t\t\t    \t\t\t\t\t\t\t\t    <span>read more<\/span>\r\n\t\t\t\t\t\t\t<\/a>\r\n\t\t\t\t\t\t\t\t\t\t\t\t\t\t\t\t\t<\/div>\r\n\t\t\t\t<\/div>\r\n\t\t\t<\/div>\r\n\t\t      <div class=\"item swiper-slide item-banner banner-item-69e0ce042f4b0 elementor-repeater-item-39a0143 tal inherit\">\r\n        <div class=\"bg-image\" style=\"background-image: url(https:\/\/kakkatar.com\/wp-content\/uploads\/2025\/05\/slide-2.png)\"><\/div>\r\n                  \n    <div class=\"bg-overlay\">\n          <\/div>\n\n                            <div class=\"container\">\r\n          <div class=\"cell bottom\">\r\n\t\t\t\t\t\t\t\t\t\t\t\t\t<div class=\"heading heading-with-num-type2\">\r\n\t\t\t\t\t\t\t\t<div class=\"top\">\r\n\t\t\t\t\t\t\t\t\t<div class=\"num\"><\/div>\r\n\t\t\t\t\t\t\t\t\t\t\t\t\t\t\t\t\t\t\t<div class=\"sub-h\">Portraits<\/div>\r\n\t\t\t\t\t\t\t\t\t\t\t\t\t\t\t\t\t<\/div>\r\n\t\t\t\t\t\t\t\t<h2 class=\"h\">\r\n\t\t\t\t\t\t\t\t\tHow to dissapear<br \/>\ncompletely\t\t\t\t\t\t\t\t<\/h2>\r\n\t\t\t\t\t\t\t<\/div>\r\n\t\t\t\t\t\t\t\t\t\t\t\t\t\t\t\t\t    \t\t\t\t\t\t    <a href=\"#\" class=\"button-style2\">\r\n\t\t\t\t\t\t    \t\t\t\t\t\t\t\t    <span>read more<\/span>\r\n\t\t\t\t\t\t\t<\/a>\r\n\t\t\t\t\t\t\t\t\t\t\t\t\t\t\t\t\t<\/div>\r\n\t\t\t\t<\/div>\r\n\t\t\t<\/div>\r\n\t\t      <div class=\"item swiper-slide item-banner banner-item-69e0ce042fa2a elementor-repeater-item-c92cbb9 tal inherit\">\r\n        <div class=\"bg-image\" style=\"background-image: url(https:\/\/kakkatar.com\/wp-content\/uploads\/2025\/05\/slide-5.png)\"><\/div>\r\n                  \n    <div class=\"bg-overlay\">\n          <\/div>\n\n                            <div class=\"container\">\r\n          <div class=\"cell bottom\">\r\n\t\t\t\t\t\t\t\t\t\t\t\t\t<div class=\"heading heading-with-num-type2\">\r\n\t\t\t\t\t\t\t\t<div class=\"top\">\r\n\t\t\t\t\t\t\t\t\t<div class=\"num\"><\/div>\r\n\t\t\t\t\t\t\t\t\t\t\t\t\t\t\t\t\t\t\t<div class=\"sub-h\">Portraits<\/div>\r\n\t\t\t\t\t\t\t\t\t\t\t\t\t\t\t\t\t<\/div>\r\n\t\t\t\t\t\t\t\t<h2 class=\"h\">\r\n\t\t\t\t\t\t\t\t\tHow to dissapear<br \/>\ncompletely\t\t\t\t\t\t\t\t<\/h2>\r\n\t\t\t\t\t\t\t<\/div>\r\n\t\t\t\t\t\t\t\t\t\t\t\t\t\t\t\t\t    \t\t\t\t\t\t    <a href=\"#\" class=\"button-style2\">\r\n\t\t\t\t\t\t    \t\t\t\t\t\t\t\t    <span>read more<\/span>\r\n\t\t\t\t\t\t\t<\/a>\r\n\t\t\t\t\t\t\t\t\t\t\t\t\t\t\t\t\t<\/div>\r\n\t\t\t\t<\/div>\r\n\t\t\t<\/div>\r\n\t\t            <\/div>\r\n          <\/div>\r\n          \r\n          <div class=\"owl-nav\"><div class=\"owl-prev basic-ui-icon-left-arrow\"><\/div><div class=\"owl-next basic-ui-icon-right-arrow\"><\/div><\/div>\r\n          <div class=\"owl-dots\"><\/div>          \r\n\t\t\t\t<\/div>\r\n\r\n\t\t\t<\/div>\r\n\t\t\t\t\t\t<\/div>\n\t\t\t\t<\/div>\n\t\t\t\t\t<\/div>\n\t\t<\/div>\n\t\t\t\t\t<\/div>\n\t\t<\/section>\n\t\t\t\t<\/div>\n\t\t","protected":false},"excerpt":{"rendered":"<p>facebook youtube instagram linkedin Portraits Fashion Studio Cuisine Packshot Pourquoi \u00ab K\u00e0kkatar \u00bb ? K\u00e0kkatar Communication est une agence de communication sp\u00e9cialis\u00e9e dans l\u2019image, la vid\u00e9o et le graphisme. Nous proposons des prestations sur mesure pour les particuliers et les entreprises qui souhaitent am\u00e9liorer leur image. Conseiller en communication, nous vous proposons une vision cr\u00e9ative [&hellip;]<\/p>\n","protected":false},"author":1,"featured_media":0,"parent":0,"menu_order":0,"comment_status":"closed","ping_status":"closed","template":"template-landing.php","meta":{"_acf_changed":false,"_uag_custom_page_level_css":"","footnotes":""},"class_list":["post-1808","page","type-page","status-publish","hentry"],"acf":[],"uagb_featured_image_src":{"full":false,"thumbnail":false,"medium":false,"medium_large":false,"large":false,"1536x1536":false,"2048x2048":false,"yprm-lazyloading-placeholder":false,"woocommerce_thumbnail":false,"woocommerce_single":false,"woocommerce_gallery_thumbnail":false},"uagb_author_info":{"display_name":"Adminkktr","author_link":"https:\/\/kakkatar.com\/index.php\/author\/adminkktr\/"},"uagb_comment_info":0,"uagb_excerpt":"facebook youtube instagram linkedin Portraits Fashion Studio Cuisine Packshot Pourquoi \u00ab K\u00e0kkatar \u00bb ? K\u00e0kkatar Communication est une agence de communication sp\u00e9cialis\u00e9e dans l\u2019image, la vid\u00e9o et le graphisme. Nous proposons des prestations sur mesure pour les particuliers et les entreprises qui souhaitent am\u00e9liorer leur image. Conseiller en communication, nous vous proposons une vision cr\u00e9ative&hellip;","_links":{"self":[{"href":"https:\/\/kakkatar.com\/index.php\/wp-json\/wp\/v2\/pages\/1808","targetHints":{"allow":["GET"]}}],"collection":[{"href":"https:\/\/kakkatar.com\/index.php\/wp-json\/wp\/v2\/pages"}],"about":[{"href":"https:\/\/kakkatar.com\/index.php\/wp-json\/wp\/v2\/types\/page"}],"author":[{"embeddable":true,"href":"https:\/\/kakkatar.com\/index.php\/wp-json\/wp\/v2\/users\/1"}],"replies":[{"embeddable":true,"href":"https:\/\/kakkatar.com\/index.php\/wp-json\/wp\/v2\/comments?post=1808"}],"version-history":[{"count":24,"href":"https:\/\/kakkatar.com\/index.php\/wp-json\/wp\/v2\/pages\/1808\/revisions"}],"predecessor-version":[{"id":3691,"href":"https:\/\/kakkatar.com\/index.php\/wp-json\/wp\/v2\/pages\/1808\/revisions\/3691"}],"wp:attachment":[{"href":"https:\/\/kakkatar.com\/index.php\/wp-json\/wp\/v2\/media?parent=1808"}],"curies":[{"name":"wp","href":"https:\/\/api.w.org\/{rel}","templated":true}]}}